{"id":11250,"date":"2025-09-12T20:00:44","date_gmt":"2025-09-12T18:00:44","guid":{"rendered":"https:\/\/tcg-treasure.com\/?post_type=product&#038;p=11250"},"modified":"2025-11-21T12:56:54","modified_gmt":"2025-11-21T11:56:54","slug":"pokemon-mega-evolution-booster-box-display","status":"publish","type":"product","link":"https:\/\/tcg-treasure.com\/de\/product\/pokemon-mega-evolution-booster-box-display\/","title":{"rendered":"Pok\u00e9mon &#8211; ME01 Mega Evolution Booster Box \/ Display"},"content":{"rendered":"<p>In ihrem Bestreben st\u00e4rker zu werden, setzen Pok\u00e9mon jeden Typs alles aufs Spiel, um Mega-Entwicklungs-Pok\u00e9mon-ex zu werden! Nutze Mega-Lucario-ex\u2019 au\u00dfergew\u00f6hnliche Aura, ergreife Mega-Guardevoir-ex\u2019 \u00fcberquellende Power und verb\u00fcnde dich mit weiteren dieser m\u00e4chtigen Pok\u00e9mon, die \u00fcber verheerende Attacken und enorme KP verf\u00fcgen. Doch plane deine Strategie mit Bedacht \u2013 mehr Macht birgt auch mehr Risiko! W\u00e4hle deine Pok\u00e9mon-Partner und bereite dich mit der Pok\u00e9mon-Sammelkartenspiel-Erweiterung\u00a0<em>Mega-Entwicklung<\/em>\u00a0auf die gr\u00f6\u00dften K\u00e4mpfe vor, die du je erlebt hast!<\/p>\n<ul class=\"list\">\n<li>\u00dcber 180 Karten<\/li>\n<li>Fast ein Dutzend Mega-Entwicklungs-Pok\u00e9mon-ex<\/li>\n<li>Mehr als 15 Trainerkarten<\/li>\n<li>Mehr als 50 Pok\u00e9mon- und Trainerkarten mit besonderen Illustrationen<\/li>\n<\/ul>\n<p>&nbsp;<\/p>\n<p>Quelle: <a href=\"https:\/\/www.pokemon.com\/de\/pokemon-sammelkartenspiel\/mega-entwicklung\">www.pokemon.com<\/a><\/p>\n","protected":false},"excerpt":{"rendered":"<p><strong>Das Pok\u00e9mon &#8211; ME01 Mega Evolution Booster Box \/ Display enth\u00e4lt:<\/strong><\/p>\n<ul>\n<li>36 Booster Packs der neuen Erweiterung &#8222;Mega Evolution&#8220;!<\/li>\n<\/ul>\n","protected":false},"featured_media":11417,"comment_status":"open","ping_status":"closed","template":"","meta":{"site-sidebar-layout":"default","site-content-layout":"default","ast-site-content-layout":"default","site-content-style":"default","site-sidebar-style":"default","ast-global-header-display":"","ast-banner-title-visibility":"","ast-main-header-display":"","ast-hfb-above-header-display":"","ast-hfb-below-header-display":"","ast-hfb-mobile-header-display":"","site-post-title":"","ast-breadcrumbs-content":"","ast-featured-img":"","footer-sml-layout":"","theme-transparent-header-meta":"default","adv-header-id-meta":"","stick-header-meta":"","header-above-stick-meta":"","header-main-stick-meta":"","header-below-stick-meta":"","astra-migrate-meta-layouts":"set","ast-page-background-enabled":"default","ast-page-background-meta":{"desktop":{"background-color":"","background-image":"","background-repeat":"repeat","background-position":"center center","background-size":"auto","background-attachment":"scroll","background-type":"","background-media":"","overlay-type":"","overlay-color":"","overlay-opacity":"","overlay-gradient":""},"tablet":{"background-color":"","background-image":"","background-repeat":"repeat","background-position":"center center","background-size":"auto","background-attachment":"scroll","background-type":"","background-media":"","overlay-type":"","overlay-color":"","overlay-opacity":"","overlay-gradient":""},"mobile":{"background-color":"","background-image":"","background-repeat":"repeat","background-position":"center center","background-size":"auto","background-attachment":"scroll","background-type":"","background-media":"","overlay-type":"","overlay-color":"","overlay-opacity":"","overlay-gradient":""}},"ast-content-background-meta":{"desktop":{"background-color":"var(--ast-global-color-5)","background-image":"","background-repeat":"repeat","background-position":"center center","background-size":"auto","background-attachment":"scroll","background-type":"","background-media":"","overlay-type":"","overlay-color":"","overlay-opacity":"","overlay-gradient":""},"tablet":{"background-color":"var(--ast-global-color-5)","background-image":"","background-repeat":"repeat","background-position":"center center","background-size":"auto","background-attachment":"scroll","background-type":"","background-media":"","overlay-type":"","overlay-color":"","overlay-opacity":"","overlay-gradient":""},"mobile":{"background-color":"var(--ast-global-color-5)","background-image":"","background-repeat":"repeat","background-position":"center center","background-size":"auto","background-attachment":"scroll","background-type":"","background-media":"","overlay-type":"","overlay-color":"","overlay-opacity":"","overlay-gradient":""}},"jetpack_publicize_message":"","jetpack_publicize_feature_enabled":true,"jetpack_social_post_already_shared":true,"jetpack_social_options":{"image_generator_settings":{"template":"highway","default_image_id":0,"font":"","enabled":false},"version":2},"_wpas_customize_per_network":false},"product_brand":[],"product_cat":[2980,3101],"product_tag":[2988,3188,2995,3042],"class_list":{"0":"post-11250","1":"product","2":"type-product","3":"status-publish","4":"has-post-thumbnail","6":"product_cat-pokemon_displays","7":"product_cat-pokemon","8":"product_tag-booster-box","9":"product_tag-mega","10":"product_tag-pokemon-tcg","11":"product_tag-scarlet-violet","12":"desktop-align-left","13":"tablet-align-left","14":"mobile-align-left","16":"first","17":"outofstock","18":"taxable","19":"shipping-taxable","20":"purchasable","21":"product-type-variable"},"exclude_global_add_ons":[],"addons":[],"yoast_head":"<!-- This site is optimized with the Yoast SEO Premium plugin v19.1 (Yoast SEO v27.4) - https:\/\/yoast.com\/product\/yoast-seo-premium-wordpress\/ -->\n<title>Pok\u00e9mon - ME01 Mega Evolution Booster Box \/ Display - TCG Treasure<\/title>\n<meta name=\"description\" content=\"Aufgepasst Pok\u00e9-Fans! Pok\u00e9mon - ME01 Mega Evolution Booster Box \/ Display ab sofort in unserem Shop zu einem Vorzugspreis erh\u00e4ltlich! Nur solange Vorrat!\" \/>\n<meta name=\"robots\" content=\"index, follow, max-snippet:-1, max-image-preview:large, max-video-preview:-1\" \/>\n<link rel=\"canonical\" href=\"https:\/\/tcg-treasure.com\/de\/product\/pokemon-mega-evolution-booster-box-display\/\" \/>\n<meta property=\"og:locale\" content=\"de_DE\" \/>\n<meta property=\"og:type\" content=\"article\" \/>\n<meta property=\"og:title\" content=\"Pok\u00e9mon - ME01 Mega Evolution Booster Box \/ Display\" \/>\n<meta property=\"og:description\" content=\"Aufgepasst Pok\u00e9-Fans! Pok\u00e9mon - ME01 Mega Evolution Booster Box \/ Display ab sofort in unserem Shop zu einem Vorzugspreis erh\u00e4ltlich! Nur solange Vorrat!\" \/>\n<meta property=\"og:url\" content=\"https:\/\/tcg-treasure.com\/de\/product\/pokemon-mega-evolution-booster-box-display\/\" \/>\n<meta property=\"og:site_name\" content=\"TCG Treasure\" \/>\n<meta property=\"article:modified_time\" content=\"2025-11-21T11:56:54+00:00\" \/>\n<meta property=\"og:image\" content=\"https:\/\/tcg-treasure.com\/wp-content\/uploads\/2025\/06\/ME01-Mega-Evolutions-Display-Booster-Box.png\" \/>\n\t<meta property=\"og:image:width\" content=\"1080\" \/>\n\t<meta property=\"og:image:height\" content=\"1080\" \/>\n\t<meta property=\"og:image:type\" content=\"image\/png\" \/>\n<meta name=\"twitter:card\" content=\"summary_large_image\" \/>\n<meta name=\"twitter:label1\" content=\"Availability\" \/>\n\t<meta name=\"twitter:data1\" content=\"Out of stock\" \/>\n<script type=\"application\/ld+json\" class=\"yoast-schema-graph\">{\"@context\":\"https:\\\/\\\/schema.org\",\"@graph\":[{\"@type\":\"WebPage\",\"@id\":\"https:\\\/\\\/tcg-treasure.com\\\/de\\\/product\\\/pokemon-mega-evolution-booster-box-display\\\/\",\"url\":\"https:\\\/\\\/tcg-treasure.com\\\/de\\\/product\\\/pokemon-mega-evolution-booster-box-display\\\/\",\"name\":\"Pok\u00e9mon - ME01 Mega Evolution Booster Box \\\/ Display - TCG Treasure\",\"isPartOf\":{\"@id\":\"https:\\\/\\\/tcg-treasure.com\\\/#website\"},\"primaryImageOfPage\":{\"@id\":\"https:\\\/\\\/tcg-treasure.com\\\/de\\\/product\\\/pokemon-mega-evolution-booster-box-display\\\/#primaryimage\"},\"image\":{\"@id\":\"https:\\\/\\\/tcg-treasure.com\\\/de\\\/product\\\/pokemon-mega-evolution-booster-box-display\\\/#primaryimage\"},\"thumbnailUrl\":\"https:\\\/\\\/i0.wp.com\\\/tcg-treasure.com\\\/wp-content\\\/uploads\\\/2025\\\/06\\\/ME01-Mega-Evolutions-Display-Booster-Box.png?fit=1080%2C1080&ssl=1\",\"datePublished\":\"2025-09-12T18:00:44+00:00\",\"dateModified\":\"2025-11-21T11:56:54+00:00\",\"description\":\"Aufgepasst Pok\u00e9-Fans! Pok\u00e9mon - ME01 Mega Evolution Booster Box \\\/ Display ab sofort in unserem Shop zu einem Vorzugspreis erh\u00e4ltlich! Nur solange Vorrat!\",\"breadcrumb\":{\"@id\":\"https:\\\/\\\/tcg-treasure.com\\\/de\\\/product\\\/pokemon-mega-evolution-booster-box-display\\\/#breadcrumb\"},\"inLanguage\":\"de\",\"potentialAction\":[{\"@type\":\"ReadAction\",\"target\":[\"https:\\\/\\\/tcg-treasure.com\\\/de\\\/product\\\/pokemon-mega-evolution-booster-box-display\\\/\"]}]},{\"@type\":\"ImageObject\",\"inLanguage\":\"de\",\"@id\":\"https:\\\/\\\/tcg-treasure.com\\\/de\\\/product\\\/pokemon-mega-evolution-booster-box-display\\\/#primaryimage\",\"url\":\"https:\\\/\\\/i0.wp.com\\\/tcg-treasure.com\\\/wp-content\\\/uploads\\\/2025\\\/06\\\/ME01-Mega-Evolutions-Display-Booster-Box.png?fit=1080%2C1080&ssl=1\",\"contentUrl\":\"https:\\\/\\\/i0.wp.com\\\/tcg-treasure.com\\\/wp-content\\\/uploads\\\/2025\\\/06\\\/ME01-Mega-Evolutions-Display-Booster-Box.png?fit=1080%2C1080&ssl=1\",\"width\":1080,\"height\":1080,\"caption\":\"ME01 Mega Evolutions Display Booster Box\"},{\"@type\":\"BreadcrumbList\",\"@id\":\"https:\\\/\\\/tcg-treasure.com\\\/de\\\/product\\\/pokemon-mega-evolution-booster-box-display\\\/#breadcrumb\",\"itemListElement\":[{\"@type\":\"ListItem\",\"position\":1,\"name\":\"Home\",\"item\":\"https:\\\/\\\/tcg-treasure.com\\\/de\\\/\"},{\"@type\":\"ListItem\",\"position\":2,\"name\":\"Produkte\",\"item\":\"https:\\\/\\\/tcg-treasure.com\\\/de\\\/pokemon-tcg-sammelkarten-produkte\\\/\"},{\"@type\":\"ListItem\",\"position\":3,\"name\":\"Pok\u00e9mon &#8211; ME01 Mega Evolution Booster Box \\\/ Display\"}]},{\"@type\":\"WebSite\",\"@id\":\"https:\\\/\\\/tcg-treasure.com\\\/#website\",\"url\":\"https:\\\/\\\/tcg-treasure.com\\\/\",\"name\":\"TCG Treasure\",\"description\":\"Pok\u00e9mon, Disney Lorcana, One Piece Sammelkarten\",\"publisher\":{\"@id\":\"https:\\\/\\\/tcg-treasure.com\\\/#organization\"},\"alternateName\":\"Pok\u00e9mon TCG Sammelkarten\",\"potentialAction\":[{\"@type\":\"SearchAction\",\"target\":{\"@type\":\"EntryPoint\",\"urlTemplate\":\"https:\\\/\\\/tcg-treasure.com\\\/?s={search_term_string}\"},\"query-input\":{\"@type\":\"PropertyValueSpecification\",\"valueRequired\":true,\"valueName\":\"search_term_string\"}}],\"inLanguage\":\"de\"},{\"@type\":\"Organization\",\"@id\":\"https:\\\/\\\/tcg-treasure.com\\\/#organization\",\"name\":\"TCG Treasure\",\"alternateName\":\"Pok\u00e9mon TCG Sammelkarten\",\"url\":\"https:\\\/\\\/tcg-treasure.com\\\/\",\"logo\":{\"@type\":\"ImageObject\",\"inLanguage\":\"de\",\"@id\":\"https:\\\/\\\/tcg-treasure.com\\\/#\\\/schema\\\/logo\\\/image\\\/\",\"url\":\"https:\\\/\\\/i0.wp.com\\\/tcg-treasure.com\\\/wp-content\\\/uploads\\\/2022\\\/09\\\/cropped-aquillas86__1_-2-removebg-preview.png?fit=529%2C471&ssl=1\",\"contentUrl\":\"https:\\\/\\\/i0.wp.com\\\/tcg-treasure.com\\\/wp-content\\\/uploads\\\/2022\\\/09\\\/cropped-aquillas86__1_-2-removebg-preview.png?fit=529%2C471&ssl=1\",\"width\":529,\"height\":471,\"caption\":\"TCG Treasure\"},\"image\":{\"@id\":\"https:\\\/\\\/tcg-treasure.com\\\/#\\\/schema\\\/logo\\\/image\\\/\"},\"sameAs\":[\"https:\\\/\\\/www.instagram.com\\\/tcg.treasure\\\/\"]}]}<\/script>\n<meta property=\"product:brand\" content=\"Booster Box\" \/>\n<meta property=\"og:availability\" content=\"out of stock\" \/>\n<meta property=\"product:availability\" content=\"out of stock\" \/>\n<meta property=\"product:condition\" content=\"new\" \/>\n<!-- \/ Yoast SEO Premium plugin. -->","yoast_head_json":{"title":"Pok\u00e9mon - ME01 Mega Evolution Booster Box \/ Display - TCG Treasure","description":"Aufgepasst Pok\u00e9-Fans! Pok\u00e9mon - ME01 Mega Evolution Booster Box \/ Display ab sofort in unserem Shop zu einem Vorzugspreis erh\u00e4ltlich! Nur solange Vorrat!","robots":{"index":"index","follow":"follow","max-snippet":"max-snippet:-1","max-image-preview":"max-image-preview:large","max-video-preview":"max-video-preview:-1"},"canonical":"https:\/\/tcg-treasure.com\/de\/product\/pokemon-mega-evolution-booster-box-display\/","og_locale":"de_DE","og_type":"article","og_title":"Pok\u00e9mon - ME01 Mega Evolution Booster Box \/ Display","og_description":"Aufgepasst Pok\u00e9-Fans! Pok\u00e9mon - ME01 Mega Evolution Booster Box \/ Display ab sofort in unserem Shop zu einem Vorzugspreis erh\u00e4ltlich! Nur solange Vorrat!","og_url":"https:\/\/tcg-treasure.com\/de\/product\/pokemon-mega-evolution-booster-box-display\/","og_site_name":"TCG Treasure","article_modified_time":"2025-11-21T11:56:54+00:00","og_image":[{"width":1080,"height":1080,"url":"https:\/\/tcg-treasure.com\/wp-content\/uploads\/2025\/06\/ME01-Mega-Evolutions-Display-Booster-Box.png","type":"image\/png"}],"twitter_card":"summary_large_image","twitter_misc":{"Availability":"Out of stock"},"schema":{"@context":"https:\/\/schema.org","@graph":[{"@type":"WebPage","@id":"https:\/\/tcg-treasure.com\/de\/product\/pokemon-mega-evolution-booster-box-display\/","url":"https:\/\/tcg-treasure.com\/de\/product\/pokemon-mega-evolution-booster-box-display\/","name":"Pok\u00e9mon - ME01 Mega Evolution Booster Box \/ Display - TCG Treasure","isPartOf":{"@id":"https:\/\/tcg-treasure.com\/#website"},"primaryImageOfPage":{"@id":"https:\/\/tcg-treasure.com\/de\/product\/pokemon-mega-evolution-booster-box-display\/#primaryimage"},"image":{"@id":"https:\/\/tcg-treasure.com\/de\/product\/pokemon-mega-evolution-booster-box-display\/#primaryimage"},"thumbnailUrl":"https:\/\/i0.wp.com\/tcg-treasure.com\/wp-content\/uploads\/2025\/06\/ME01-Mega-Evolutions-Display-Booster-Box.png?fit=1080%2C1080&ssl=1","datePublished":"2025-09-12T18:00:44+00:00","dateModified":"2025-11-21T11:56:54+00:00","description":"Aufgepasst Pok\u00e9-Fans! Pok\u00e9mon - ME01 Mega Evolution Booster Box \/ Display ab sofort in unserem Shop zu einem Vorzugspreis erh\u00e4ltlich! Nur solange Vorrat!","breadcrumb":{"@id":"https:\/\/tcg-treasure.com\/de\/product\/pokemon-mega-evolution-booster-box-display\/#breadcrumb"},"inLanguage":"de","potentialAction":[{"@type":"ReadAction","target":["https:\/\/tcg-treasure.com\/de\/product\/pokemon-mega-evolution-booster-box-display\/"]}]},{"@type":"ImageObject","inLanguage":"de","@id":"https:\/\/tcg-treasure.com\/de\/product\/pokemon-mega-evolution-booster-box-display\/#primaryimage","url":"https:\/\/i0.wp.com\/tcg-treasure.com\/wp-content\/uploads\/2025\/06\/ME01-Mega-Evolutions-Display-Booster-Box.png?fit=1080%2C1080&ssl=1","contentUrl":"https:\/\/i0.wp.com\/tcg-treasure.com\/wp-content\/uploads\/2025\/06\/ME01-Mega-Evolutions-Display-Booster-Box.png?fit=1080%2C1080&ssl=1","width":1080,"height":1080,"caption":"ME01 Mega Evolutions Display Booster Box"},{"@type":"BreadcrumbList","@id":"https:\/\/tcg-treasure.com\/de\/product\/pokemon-mega-evolution-booster-box-display\/#breadcrumb","itemListElement":[{"@type":"ListItem","position":1,"name":"Home","item":"https:\/\/tcg-treasure.com\/de\/"},{"@type":"ListItem","position":2,"name":"Produkte","item":"https:\/\/tcg-treasure.com\/de\/pokemon-tcg-sammelkarten-produkte\/"},{"@type":"ListItem","position":3,"name":"Pok\u00e9mon &#8211; ME01 Mega Evolution Booster Box \/ Display"}]},{"@type":"WebSite","@id":"https:\/\/tcg-treasure.com\/#website","url":"https:\/\/tcg-treasure.com\/","name":"TCG Treasure","description":"Pok\u00e9mon, Disney Lorcana, One Piece Sammelkarten","publisher":{"@id":"https:\/\/tcg-treasure.com\/#organization"},"alternateName":"Pok\u00e9mon TCG Sammelkarten","potentialAction":[{"@type":"SearchAction","target":{"@type":"EntryPoint","urlTemplate":"https:\/\/tcg-treasure.com\/?s={search_term_string}"},"query-input":{"@type":"PropertyValueSpecification","valueRequired":true,"valueName":"search_term_string"}}],"inLanguage":"de"},{"@type":"Organization","@id":"https:\/\/tcg-treasure.com\/#organization","name":"TCG Treasure","alternateName":"Pok\u00e9mon TCG Sammelkarten","url":"https:\/\/tcg-treasure.com\/","logo":{"@type":"ImageObject","inLanguage":"de","@id":"https:\/\/tcg-treasure.com\/#\/schema\/logo\/image\/","url":"https:\/\/i0.wp.com\/tcg-treasure.com\/wp-content\/uploads\/2022\/09\/cropped-aquillas86__1_-2-removebg-preview.png?fit=529%2C471&ssl=1","contentUrl":"https:\/\/i0.wp.com\/tcg-treasure.com\/wp-content\/uploads\/2022\/09\/cropped-aquillas86__1_-2-removebg-preview.png?fit=529%2C471&ssl=1","width":529,"height":471,"caption":"TCG Treasure"},"image":{"@id":"https:\/\/tcg-treasure.com\/#\/schema\/logo\/image\/"},"sameAs":["https:\/\/www.instagram.com\/tcg.treasure\/"]}]},"product_brand":"Booster Box","og_availability":"out of stock","product_availability":"out of stock","product_condition":"new"},"jetpack_publicize_connections":[],"jetpack_likes_enabled":true,"jetpack_sharing_enabled":true,"jetpack-related-posts":[],"_links":{"self":[{"href":"https:\/\/tcg-treasure.com\/de\/wp-json\/wp\/v2\/product\/11250","targetHints":{"allow":["GET"]}}],"collection":[{"href":"https:\/\/tcg-treasure.com\/de\/wp-json\/wp\/v2\/product"}],"about":[{"href":"https:\/\/tcg-treasure.com\/de\/wp-json\/wp\/v2\/types\/product"}],"replies":[{"embeddable":true,"href":"https:\/\/tcg-treasure.com\/de\/wp-json\/wp\/v2\/comments?post=11250"}],"wp:featuredmedia":[{"embeddable":true,"href":"https:\/\/tcg-treasure.com\/de\/wp-json\/wp\/v2\/media\/11417"}],"wp:attachment":[{"href":"https:\/\/tcg-treasure.com\/de\/wp-json\/wp\/v2\/media?parent=11250"}],"wp:term":[{"taxonomy":"product_brand","embeddable":true,"href":"https:\/\/tcg-treasure.com\/de\/wp-json\/wp\/v2\/product_brand?post=11250"},{"taxonomy":"product_cat","embeddable":true,"href":"https:\/\/tcg-treasure.com\/de\/wp-json\/wp\/v2\/product_cat?post=11250"},{"taxonomy":"product_tag","embeddable":true,"href":"https:\/\/tcg-treasure.com\/de\/wp-json\/wp\/v2\/product_tag?post=11250"}],"curies":[{"name":"wp","href":"https:\/\/api.w.org\/{rel}","templated":true}]}}